{"id":38,"date":"2018-01-15T13:00:05","date_gmt":"2018-01-15T12:00:05","guid":{"rendered":"http:\/\/promedicus.org\/index.php\/home\/"},"modified":"2020-09-28T17:25:25","modified_gmt":"2020-09-28T15:25:25","slug":"home","status":"publish","type":"page","link":"https:\/\/promedicus.org\/","title":{"rendered":"HOME"},"content":{"rendered":"<p>[et_pb_section bb_built=&#8221;1&#8243; fullwidth=&#8221;on&#8221; specialty=&#8221;off&#8221; next_background_color=&#8221;#f7f7f7&#8243; _builder_version=&#8221;3.4.1&#8243; global_module=&#8221;177&#8243;][et_pb_fullwidth_slider global_parent=&#8221;177&#8243; _builder_version=&#8221;3.4.1&#8243; auto=&#8221;on&#8221; auto_speed=&#8221;4500&#8243; box_shadow_blur=&#8221;10px&#8221; box_shadow_color=&#8221;rgba(0,0,0,0.1)&#8221;][et_pb_slide _builder_version=&#8221;3.4.1&#8243; use_background_color_gradient=&#8221;off&#8221; background_color_gradient_start=&#8221;#2b87da&#8221; background_color_gradient_end=&#8221;#29c4a9&#8243; background_color_gradient_type=&#8221;linear&#8221; background_color_gradient_direction=&#8221;180deg&#8221; background_color_gradient_direction_radial=&#8221;center&#8221; background_color_gradient_start_position=&#8221;0%&#8221; background_color_gradient_end_position=&#8221;100%&#8221; background_color_gradient_overlays_image=&#8221;off&#8221; background_image=&#8221;http:\/\/promedicus.org\/wp-content\/uploads\/2018\/01\/computer-1149148_1920.jpg&#8221; parallax=&#8221;off&#8221; parallax_method=&#8221;on&#8221; background_size=&#8221;cover&#8221; background_position=&#8221;center&#8221; background_repeat=&#8221;no-repeat&#8221; background_blend=&#8221;normal&#8221; allow_player_pause=&#8221;off&#8221; heading=&#8221;www.Pro-medicus.org &#8221; alignment=&#8221;center&#8221; arrows_custom_color=&#8221;#0c71c3&#8243; dot_nav_custom_color=&#8221;#0c71c3&#8243; use_bg_overlay=&#8221;on&#8221; bg_overlay_color=&#8221;rgba(0,0,0,0.48)&#8221; use_text_overlay=&#8221;off&#8221; text_border_radius=&#8221;3&#8243; child_filter_hue_rotate=&#8221;0deg&#8221; child_filter_saturate=&#8221;100%&#8221; child_filter_brightness=&#8221;100%&#8221; child_filter_contrast=&#8221;100%&#8221; child_filter_invert=&#8221;0%&#8221; child_filter_sepia=&#8221;0%&#8221; child_filter_opacity=&#8221;100%&#8221; child_filter_blur=&#8221;0px&#8221; child_mix_blend_mode=&#8221;normal&#8221; background_layout=&#8221;dark&#8221; header_font=&#8221;Comfortaa||||||||&#8221; header_text_align=&#8221;center&#8221; header_font_size=&#8221;40&#8243; header_font_size_tablet=&#8221;40&#8243; header_font_size_phone=&#8221;40&#8243; body_font=&#8221;Comfortaa||||||||&#8221; body_text_align=&#8221;center&#8221; body_font_size_tablet=&#8221;14&#8243; body_font_size_phone=&#8221;14&#8243; body_text_color=&#8221;#ffffff&#8221; custom_button=&#8221;off&#8221; button_bg_use_color_gradient=&#8221;off&#8221; button_bg_color_gradient_overlays_image=&#8221;off&#8221; button_use_icon=&#8221;on&#8221; button_on_hover=&#8221;on&#8221; custom_css_before=&#8221;height:400px;&#8221; custom_css_main_element=&#8221;height:400px;&#8221; custom_css_after=&#8221;height:400px;&#8221; button_link=&#8221;#&#8221; background_color=&#8221;#2ea3f2&#8243; background_video_pause_outside_viewport=&#8221;on&#8221; text_shadow_style=&#8221;none&#8221; header_text_shadow_style=&#8221;none&#8221; body_text_shadow_style=&#8221;none&#8221; button_text_shadow_style=&#8221;none&#8221; box_shadow_style_button=&#8221;none&#8221;]<\/p>\n<p style=\"text-align: center;\"><strong>dzialamy od 2001 roku.<\/strong><\/p>\n<p>[\/et_pb_slide][et_pb_slide _builder_version=&#8221;3.4.1&#8243; use_background_color_gradient=&#8221;off&#8221; background_color_gradient_start=&#8221;#2b87da&#8221; background_color_gradient_end=&#8221;#29c4a9&#8243; background_color_gradient_type=&#8221;linear&#8221; background_color_gradient_direction=&#8221;180deg&#8221; background_color_gradient_direction_radial=&#8221;center&#8221; background_color_gradient_start_position=&#8221;0%&#8221; background_color_gradient_end_position=&#8221;100%&#8221; background_color_gradient_overlays_image=&#8221;off&#8221; background_image=&#8221;http:\/\/promedicus.org\/wp-content\/uploads\/2018\/01\/doctor-1149149_1920.jpg&#8221; parallax=&#8221;off&#8221; parallax_method=&#8221;on&#8221; background_size=&#8221;cover&#8221; background_position=&#8221;top_center&#8221; background_repeat=&#8221;no-repeat&#8221; background_blend=&#8221;normal&#8221; allow_player_pause=&#8221;off&#8221; heading=&#8221;www.Pro-medicus.org &#8221; alignment=&#8221;center&#8221; arrows_custom_color=&#8221;#0c71c3&#8243; dot_nav_custom_color=&#8221;#0c71c3&#8243; use_bg_overlay=&#8221;on&#8221; bg_overlay_color=&#8221;rgba(0,0,0,0.48)&#8221; use_text_overlay=&#8221;off&#8221; text_border_radius=&#8221;3&#8243; child_filter_hue_rotate=&#8221;0deg&#8221; child_filter_saturate=&#8221;100%&#8221; child_filter_brightness=&#8221;100%&#8221; child_filter_contrast=&#8221;100%&#8221; child_filter_invert=&#8221;0%&#8221; child_filter_sepia=&#8221;0%&#8221; child_filter_opacity=&#8221;100%&#8221; child_filter_blur=&#8221;0px&#8221; child_mix_blend_mode=&#8221;normal&#8221; background_layout=&#8221;dark&#8221; header_font=&#8221;Comfortaa||||||||&#8221; header_text_align=&#8221;center&#8221; header_font_size=&#8221;40&#8243; header_font_size_tablet=&#8221;40&#8243; header_font_size_phone=&#8221;40&#8243; body_font=&#8221;Comfortaa||||||||&#8221; body_text_align=&#8221;center&#8221; body_font_size_tablet=&#8221;14&#8243; body_font_size_phone=&#8221;14&#8243; body_text_color=&#8221;#ffffff&#8221; custom_css_before=&#8221;height:400px;&#8221; custom_css_main_element=&#8221;height:400px;&#8221; custom_css_after=&#8221;height:400px;&#8221; button_link=&#8221;#&#8221; background_color=&#8221;#2ea3f2&#8243; background_video_pause_outside_viewport=&#8221;on&#8221; text_shadow_style=&#8221;none&#8221; header_text_shadow_style=&#8221;none&#8221; body_text_shadow_style=&#8221;none&#8221; custom_button=&#8221;off&#8221; button_bg_use_color_gradient=&#8221;off&#8221; button_bg_color_gradient_overlays_image=&#8221;off&#8221; button_use_icon=&#8221;on&#8221; button_on_hover=&#8221;on&#8221; button_text_shadow_style=&#8221;none&#8221; box_shadow_style_button=&#8221;none&#8221;]<\/p>\n<p style=\"text-align: center;\"><strong>dzialamy od 2001 roku.<\/strong><\/p>\n<p>[\/et_pb_slide][et_pb_slide _builder_version=&#8221;3.4.1&#8243; use_background_color_gradient=&#8221;off&#8221; background_color_gradient_start=&#8221;#2b87da&#8221; background_color_gradient_end=&#8221;#29c4a9&#8243; background_color_gradient_type=&#8221;linear&#8221; background_color_gradient_direction=&#8221;180deg&#8221; background_color_gradient_direction_radial=&#8221;center&#8221; background_color_gradient_start_position=&#8221;0%&#8221; background_color_gradient_end_position=&#8221;100%&#8221; background_color_gradient_overlays_image=&#8221;off&#8221; background_image=&#8221;http:\/\/promedicus.org\/wp-content\/uploads\/2018\/01\/medical-563427_1920.jpg&#8221; parallax=&#8221;off&#8221; parallax_method=&#8221;on&#8221; background_size=&#8221;cover&#8221; background_position=&#8221;center&#8221; background_repeat=&#8221;no-repeat&#8221; background_blend=&#8221;normal&#8221; allow_player_pause=&#8221;off&#8221; heading=&#8221;www.Pro-medicus.org &#8221; alignment=&#8221;center&#8221; arrows_custom_color=&#8221;#0c71c3&#8243; dot_nav_custom_color=&#8221;#0c71c3&#8243; use_bg_overlay=&#8221;on&#8221; bg_overlay_color=&#8221;rgba(0,0,0,0.48)&#8221; use_text_overlay=&#8221;off&#8221; text_border_radius=&#8221;3&#8243; child_filter_hue_rotate=&#8221;0deg&#8221; child_filter_saturate=&#8221;100%&#8221; child_filter_brightness=&#8221;100%&#8221; child_filter_contrast=&#8221;100%&#8221; child_filter_invert=&#8221;0%&#8221; child_filter_sepia=&#8221;0%&#8221; child_filter_opacity=&#8221;100%&#8221; child_filter_blur=&#8221;0px&#8221; child_mix_blend_mode=&#8221;normal&#8221; background_layout=&#8221;dark&#8221; header_font=&#8221;Comfortaa||||||||&#8221; header_text_align=&#8221;center&#8221; header_font_size=&#8221;40&#8243; header_font_size_tablet=&#8221;40&#8243; header_font_size_phone=&#8221;40&#8243; body_font=&#8221;Comfortaa||||||||&#8221; body_text_align=&#8221;center&#8221; body_font_size_tablet=&#8221;14&#8243; body_font_size_phone=&#8221;14&#8243; body_text_color=&#8221;#ffffff&#8221; custom_button=&#8221;off&#8221; button_bg_use_color_gradient=&#8221;off&#8221; button_bg_color_gradient_overlays_image=&#8221;off&#8221; button_use_icon=&#8221;on&#8221; button_on_hover=&#8221;on&#8221; custom_css_before=&#8221;height:400px;&#8221; custom_css_main_element=&#8221;height:400px;&#8221; custom_css_after=&#8221;height:400px;&#8221; button_link=&#8221;#&#8221; background_color=&#8221;#2ea3f2&#8243; background_video_pause_outside_viewport=&#8221;on&#8221; text_shadow_style=&#8221;none&#8221; header_text_shadow_style=&#8221;none&#8221; body_text_shadow_style=&#8221;none&#8221; button_text_shadow_style=&#8221;none&#8221; box_shadow_style_button=&#8221;none&#8221;]<\/p>\n<p style=\"text-align: center;\"><strong>dzialamy od 2001 roku.<\/strong><\/p>\n<p>[\/et_pb_slide][\/et_pb_fullwidth_slider][\/et_pb_section][et_pb_section bb_built=&#8221;1&#8243; _builder_version=&#8221;3.0.95&#8243; background_color=&#8221;#f7f7f7&#8243; prev_background_color=&#8221;#ffffff&#8221; next_background_color=&#8221;#ffffff&#8221;][et_pb_row][et_pb_column type=&#8221;1_3&#8243;][et_pb_blurb _builder_version=&#8221;3.0.95&#8243; use_icon=&#8221;on&#8221; font_icon=&#8221;%%49%%&#8221; url_new_window=&#8221;off&#8221; title=&#8221; 15 letnie do\u015bwiadczenie na rynku niemieckim w bran\u017cy medycznej&#8221; icon_color=&#8221;#034ea2&#8243; use_circle=&#8221;off&#8221; use_circle_border=&#8221;off&#8221; icon_placement=&#8221;top&#8221; use_icon_font_size=&#8221;off&#8221; background_layout=&#8221;light&#8221; text_orientation=&#8221;center&#8221; header_font=&#8221;Comfortaa||||||||&#8221; header_text_color=&#8221;#034ea2&#8243; \/][\/et_pb_column][et_pb_column type=&#8221;1_3&#8243;][et_pb_blurb _builder_version=&#8221;3.0.95&#8243; use_icon=&#8221;on&#8221; font_icon=&#8221;%%49%%&#8221; url_new_window=&#8221;off&#8221; title=&#8221;\u017badnych um\u00f3w lojalno\u015bciowych&#8221; icon_color=&#8221;#034ea2&#8243; use_circle=&#8221;off&#8221; use_circle_border=&#8221;off&#8221; icon_placement=&#8221;top&#8221; use_icon_font_size=&#8221;off&#8221; background_layout=&#8221;light&#8221; text_orientation=&#8221;center&#8221; header_font=&#8221;Comfortaa||||||||&#8221; header_text_color=&#8221;#034ea2&#8243; \/][\/et_pb_column][et_pb_column type=&#8221;1_3&#8243;][et_pb_blurb _builder_version=&#8221;3.0.95&#8243; use_icon=&#8221;on&#8221; font_icon=&#8221;%%49%%&#8221; url_new_window=&#8221;off&#8221; title=&#8221;Wszelka nasza pomoc jest dla Pa\u0144stwa bezp\u0142atna&#8221; icon_color=&#8221;#034ea2&#8243; use_circle=&#8221;off&#8221; use_circle_border=&#8221;off&#8221; icon_placement=&#8221;top&#8221; use_icon_font_size=&#8221;off&#8221; background_layout=&#8221;light&#8221; text_orientation=&#8221;center&#8221; header_font=&#8221;Comfortaa||||||||&#8221; header_text_color=&#8221;#034ea2&#8243; \/][\/et_pb_column][\/et_pb_row][et_pb_row][et_pb_column type=&#8221;4_4&#8243;][\/et_pb_column][\/et_pb_row][\/et_pb_section][et_pb_section bb_built=&#8221;1&#8243; fullwidth=&#8221;off&#8221; specialty=&#8221;off&#8221; prev_background_color=&#8221;#f7f7f7&#8243; next_background_color=&#8221;#000000&#8243;][et_pb_row][et_pb_column type=&#8221;4_4&#8243;][et_pb_text _builder_version=&#8221;3.0.95&#8243; background_layout=&#8221;light&#8221;]<\/p>\n<h3 style=\"text-align: center;\"><strong><span class=\"diyfeDecoration\">PRACA DLA LEKARZY &#8211;\u00a0SPECJALIZACJE W NIEMCZECH!<\/span><\/strong><\/h3>\n<p>[\/et_pb_text][\/et_pb_column][\/et_pb_row][et_pb_row][et_pb_column type=&#8221;1_2&#8243;][et_pb_text _builder_version=&#8221;3.4.1&#8243;]<\/p>\n<p>Serdecznie witamy Pa\u0144stwa na naszych stronach internetowych i dzi\u0119kujemy Pa\u0144stwu uprzejmie\u00a0za zainteresowanie nasz\u0105 ofert\u0105.<br \/>\nBardzo ch\u0119tnie udzielimy Pa\u0144stwu pomocy, umo\u017cliwiaj\u0105cej dalszy rozw\u00f3j Pa\u0144stwa\u00a0kariery zawodowej.<\/p>\n<p>Nasza oferta jest skierowana zar\u00f3wno do lekarzy specjalist\u00f3w, pragn\u0105cych podj\u0105\u0107 prac\u0119 na terenie Niemiec,\u00a0jak i\u00a0do lekarzy, zainteresowanych otwarciem lub kontynuacj\u0105 specjalizacji w klinikach niemieckich.<br \/>\nWszelka nasza pomoc\u00a0jest dla Pa\u0144stwa bezp\u0142atna.<br \/>\nPosiadamy ponad 15 letnie do\u015bwiadczenie w udzielaniu pomocy lekarzom, zainteresowanym podj\u0119ciem pracy lub zdobyciem specjalizacji w Niemczech.<br \/>\nNasza znajomo\u015b\u0107 zagadnienia oraz liczne kontakty gwarantuj\u0105 Pa\u0144stwu udan\u0105 wsp\u00f3\u0142prac\u0119.<br \/>\nPodstaw\u0105 naszej wsp\u00f3\u0142pracy z Pa\u0144stwem jest Pa\u0144stwa zadowolenie.<\/p>\n<p>[\/et_pb_text][\/et_pb_column][et_pb_column type=&#8221;1_2&#8243;][et_pb_text _builder_version=&#8221;3.0.95&#8243; background_layout=&#8221;light&#8221;]<\/p>\n<p>W celu\u00a0nawi\u0105zania wsp\u00f3\u0142pracy z nami\u00a0prosimy Pa\u0144stwa o\u00a0\u00a0przes\u0142anie\u00a0nam\u00a0drog\u0105 elektroniczn\u0105 na adres\u00a0<a href=\"mailto:info@promedicus.org\">info@promedicus.org<\/a>\u00a0Pa\u0144stwa CV w formacie WORD, bez format\u00f3w oraz tabel.<br \/>\nW celu u\u0142atwienia Pa\u0144stwu przygotowania CV i przy\u015bpieszenia prezentacji Pa\u0144stwa osoby w zainteresowanych klinikach, umieszczamy poni\u017cej wz\u00f3r CV. Prosimy\u00a0o z\u0142adowanie poni\u017cszego wzoru, dostosowanie go do Pa\u0144stwa potrzeb i przes\u0142anie go\u00a0w za\u0142\u0105czniku mailowym w formacie WORD na powy\u017cszy adres poczty elektronicznej.<\/p>\n<p>Przyjmujemy Pa\u0144stwa CV na wszelkie kierunki medyczne.<br \/>\nLekarzy specjalist\u00f3w bardzo prosimy o zamieszczenie w CV dodatkowych informacji, podkre\u015blaj\u0105cych posiadane przez Pa\u0144stwa umiej\u0119tno\u015bci np: katalog\u00f3w dokonywanych zabieg\u00f3w, znieczule\u0144, bada\u0144 itp. Powy\u017csze katalogi mog\u0105 by\u0107 napisane po \u0142acinie.<\/p>\n<p style=\"text-align: center;\"><a href=\"http:\/\/promedicus.org\/wp-content\/uploads\/2018\/01\/Aerzte-Lebenslauf.doc\"><strong>Lebenslauf<\/strong><\/a><br \/>\n<a href=\"http:\/\/promedicus.org\/wp-content\/uploads\/2018\/01\/Aerzte-Lebenslauf.doc\">Aerzte-Lebenslauf.doc\u00a0<\/a><br \/>\nMicrosoft Word-Dokument [35.5 KB] [\/et_pb_text][\/et_pb_column][\/et_pb_row][et_pb_row][et_pb_column type=&#8221;4_4&#8243;][et_pb_text _builder_version=&#8221;3.4.1&#8243;] \t\t<div id=\"sbi_mod_error\" >\n\t\t\t<span>Ten komunikat o b\u0142\u0119dzie jest widoczny tylko dla administrator\u00f3w WordPressa<\/span><br\/>\n\t\t\t<p><strong>B\u0142\u0105d: nie znaleziono kana\u0142u.<\/strong>\n\t\t\t<p>Przejd\u017a na stron\u0119 ustawie\u0144 kana\u0142u Instagramu, aby utworzy\u0107 kana\u0142.<\/p>\n\t\t<\/div>\n\t\t<\/p>\n<p style=\"text-align: center;\">[\/et_pb_text][\/et_pb_column][\/et_pb_row][\/et_pb_section][et_pb_section bb_built=&#8221;1&#8243; fullwidth=&#8221;on&#8221; specialty=&#8221;off&#8221; prev_background_color=&#8221;#000000&#8243; next_background_color=&#8221;#034ea2&#8243;][et_pb_fullwidth_header _builder_version=&#8221;3.0.95&#8243; background_image=&#8221;http:\/\/promedicus.org\/wp-content\/uploads\/2018\/01\/dentist-3069416_1920.jpg&#8221; parallax=&#8221;on&#8221; header_scroll_down=&#8221;off&#8221; text_orientation=&#8221;left&#8221; header_fullscreen=&#8221;off&#8221; image_orientation=&#8221;center&#8221; background_layout=&#8221;light&#8221; content_orientation=&#8221;center&#8221; custom_button_one=&#8221;off&#8221; button_one_icon_placement=&#8221;right&#8221; custom_button_two=&#8221;off&#8221; button_two_icon_placement=&#8221;right&#8221; custom_css_before=&#8221;height:200px;&#8221; custom_css_main_element=&#8221;height:200px;&#8221; custom_css_after=&#8221;height:200px;&#8221; background_color=&#8221;rgba(255, 255, 255, 0)&#8221; \/][\/et_pb_section][et_pb_section bb_built=&#8221;1&#8243; fullwidth=&#8221;off&#8221; specialty=&#8221;off&#8221; _builder_version=&#8221;3.0.95&#8243; background_color=&#8221;#034ea2&#8243; prev_background_color=&#8221;#ffffff&#8221; global_module=&#8221;140&#8243;][et_pb_row global_parent=&#8221;140&#8243; background_position=&#8221;top_left&#8221; background_repeat=&#8221;repeat&#8221; background_size=&#8221;initial&#8221;][et_pb_column type=&#8221;4_4&#8243;][\/et_pb_column][\/et_pb_row][\/et_pb_section]<\/p>\n","protected":false},"excerpt":{"rendered":"<p>dzialamy od 2001 roku. dzialamy od 2001 roku. dzialamy od 2001 roku. <div class=\"et_pb_row et_pb_row_0 et_pb_row_empty\">\n\t\t\t\t\n\t\t\t\t\n\t\t\t\t\n\t\t\t\t\n\t\t\t\t\n\t\t\t<\/div><div class=\"et_pb_row et_pb_row_1 et_pb_row_empty\">\n\t\t\t\t\n\t\t\t\t\n\t\t\t\t\n\t\t\t\t\n\t\t\t\t\n\t\t\t<\/div><div class=\"et_pb_row et_pb_row_2 et_pb_row_empty\">\n\t\t\t\t\n\t\t\t\t\n\t\t\t\t\n\t\t\t\t\n\t\t\t\t\n\t\t\t<\/div> PRACA DLA LEKARZY &#8211;\u00a0SPECJALIZACJE W NIEMCZECH! <div class=\"et_pb_row et_pb_row_3 et_pb_row_empty\">\n\t\t\t\t\n\t\t\t\t\n\t\t\t\t\n\t\t\t\t\n\t\t\t\t\n\t\t\t<\/div> Serdecznie witamy Pa\u0144stwa na naszych stronach internetowych i dzi\u0119kujemy Pa\u0144stwu uprzejmie\u00a0za zainteresowanie nasz\u0105 ofert\u0105. Bardzo ch\u0119tnie udzielimy Pa\u0144stwu pomocy, umo\u017cliwiaj\u0105cej dalszy rozw\u00f3j Pa\u0144stwa\u00a0kariery zawodowej. Nasza oferta jest skierowana zar\u00f3wno do lekarzy specjalist\u00f3w, pragn\u0105cych podj\u0105\u0107 prac\u0119 [&hellip;]<\/p>\n","protected":false},"author":1,"featured_media":0,"parent":0,"menu_order":0,"comment_status":"closed","ping_status":"closed","template":"","meta":{"_et_pb_use_builder":"on","_et_pb_old_content":"","_et_gb_content_width":"","footnotes":""},"class_list":["post-38","page","type-page","status-publish","hentry"],"_links":{"self":[{"href":"https:\/\/promedicus.org\/index.php\/wp-json\/wp\/v2\/pages\/38","targetHints":{"allow":["GET"]}}],"collection":[{"href":"https:\/\/promedicus.org\/index.php\/wp-json\/wp\/v2\/pages"}],"about":[{"href":"https:\/\/promedicus.org\/index.php\/wp-json\/wp\/v2\/types\/page"}],"author":[{"embeddable":true,"href":"https:\/\/promedicus.org\/index.php\/wp-json\/wp\/v2\/users\/1"}],"replies":[{"embeddable":true,"href":"https:\/\/promedicus.org\/index.php\/wp-json\/wp\/v2\/comments?post=38"}],"version-history":[{"count":27,"href":"https:\/\/promedicus.org\/index.php\/wp-json\/wp\/v2\/pages\/38\/revisions"}],"predecessor-version":[{"id":240,"href":"https:\/\/promedicus.org\/index.php\/wp-json\/wp\/v2\/pages\/38\/revisions\/240"}],"wp:attachment":[{"href":"https:\/\/promedicus.org\/index.php\/wp-json\/wp\/v2\/media?parent=38"}],"curies":[{"name":"wp","href":"https:\/\/api.w.org\/{rel}","templated":true}]}}