{"id":41,"date":"2018-01-15T13:00:05","date_gmt":"2018-01-15T12:00:05","guid":{"rendered":"http:\/\/promedicus.org\/index.php\/kontakt-zgloszenie\/"},"modified":"2018-01-15T13:39:28","modified_gmt":"2018-01-15T12:39:28","slug":"kontakt-zgloszenie","status":"publish","type":"page","link":"https:\/\/promedicus.org\/index.php\/kontakt-zgloszenie\/","title":{"rendered":"KONTAKT \/ ZG\u0141OSZENIE"},"content":{"rendered":"<p>[et_pb_section bb_built=&#8221;1&#8243; fullwidth=&#8221;off&#8221; specialty=&#8221;off&#8221; _builder_version=&#8221;3.0.95&#8243; background_color=&#8221;#034ea2&#8243; global_module=&#8221;104&#8243;][et_pb_row global_parent=&#8221;104&#8243; background_position=&#8221;top_left&#8221; background_repeat=&#8221;repeat&#8221; background_size=&#8221;initial&#8221;][et_pb_column type=&#8221;1_3&#8243;][et_pb_text global_parent=&#8221;104&#8243; _builder_version=&#8221;3.0.95&#8243; background_layout=&#8221;dark&#8221;]<\/p>\n<h2 style=\"text-align: left;\"><strong>KONTAKT<\/strong><\/h2>\n<p>[\/et_pb_text][et_pb_blurb global_parent=&#8221;104&#8243; _builder_version=&#8221;3.0.95&#8243; use_icon=&#8221;on&#8221; font_icon=&#8221;%%264%%&#8221; url_new_window=&#8221;off&#8221; title=&#8221;+48 602 813 298&#8243; icon_color=&#8221;#ffffff&#8221; use_circle=&#8221;off&#8221; use_circle_border=&#8221;off&#8221; icon_placement=&#8221;left&#8221; use_icon_font_size=&#8221;off&#8221; background_layout=&#8221;dark&#8221; \/][et_pb_blurb global_parent=&#8221;104&#8243; _builder_version=&#8221;3.0.95&#8243; use_icon=&#8221;on&#8221; font_icon=&#8221;%%238%%&#8221; url_new_window=&#8221;off&#8221; title=&#8221;info@promedicus.org&#8221; icon_color=&#8221;#ffffff&#8221; use_circle=&#8221;off&#8221; use_circle_border=&#8221;off&#8221; icon_placement=&#8221;left&#8221; use_icon_font_size=&#8221;off&#8221; background_layout=&#8221;dark&#8221; \/][\/et_pb_column][et_pb_column type=&#8221;2_3&#8243;][et_pb_contact_form global_parent=&#8221;104&#8243; _builder_version=&#8221;3.0.95&#8243; use_redirect=&#8221;off&#8221; captcha=&#8221;off&#8221; title=&#8221;Je\u017celi jeste\u015bcie Pa\u0144stwo zainteresowani nawi\u0105zaniem wsp\u00f3\u0142pracy z nami lub uzyskaniem dalszych informacji, prosimy o wype\u0142nienie poni\u017cszego zg\u0142oszenia. Wsp\u00f3\u0142praca z nam jest dla Pa\u0144stwa bezp\u0142atna i niezobowi\u0105zuj\u0105ca. Zasada podstawowa: Pa\u0144stwa zadowolenie&#8221; title_font=&#8221;Comfortaa||||||||&#8221; title_text_align=&#8221;left&#8221; title_font_size=&#8221;14&#8243; title_text_color=&#8221;#ffffff&#8221; custom_button=&#8221;on&#8221; button_icon_placement=&#8221;right&#8221; form_field_text_color=&#8221;#000000&#8243; button_text_color=&#8221;#000000&#8243; button_bg_color=&#8221;#ffffff&#8221;][et_pb_contact_field field_title=&#8221;Nazwisko&#8221; field_type=&#8221;input&#8221; field_id=&#8221;Nazwisko&#8221; required_mark=&#8221;on&#8221; fullwidth_field=&#8221;on&#8221; _builder_version=&#8221;3.0.95&#8243; use_background_color_gradient=&#8221;off&#8221; background_color_gradient_start=&#8221;#2b87da&#8221; background_color_gradient_end=&#8221;#29c4a9&#8243; background_color_gradient_type=&#8221;linear&#8221; background_color_gradient_direction=&#8221;180deg&#8221; background_color_gradient_direction_radial=&#8221;center&#8221; background_color_gradient_start_position=&#8221;0%&#8221; background_color_gradient_end_position=&#8221;100%&#8221; background_color_gradient_overlays_image=&#8221;off&#8221; parallax=&#8221;off&#8221; parallax_method=&#8221;on&#8221; background_size=&#8221;cover&#8221; background_position=&#8221;center&#8221; background_repeat=&#8221;no-repeat&#8221; background_blend=&#8221;normal&#8221; allow_player_pause=&#8221;off&#8221; conditional_logic=&#8221;off&#8221; conditional_logic_relation=&#8221;off&#8221; conditional_logic_rules=&#8221;%91{%22field%22:%22email%22,%22condition%22:%22is%22,%22value%22:%22%22}%93&#8243; checkbox_checked=&#8221;off&#8221; checkbox_options=&#8221;%91{%22value%22:%22Nazwa%22,%22checked%22:0}%93&#8243; radio_options=&#8221;%91{%22value%22:%22Nazwa%22,%22checked%22:0}%93&#8243; select_options=&#8221;%91{%22value%22:%22Nazwa%22,%22checked%22:0}%93&#8243; min_length=&#8221;0&#8243; max_length=&#8221;0&#8243; allowed_symbols=&#8221;all&#8221; \/][et_pb_contact_field field_title=&#8221;Imi\u0119&#8221; field_type=&#8221;input&#8221; field_id=&#8221;Imi\u0119&#8221; required_mark=&#8221;on&#8221; fullwidth_field=&#8221;on&#8221; _builder_version=&#8221;3.0.95&#8243; use_background_color_gradient=&#8221;off&#8221; background_color_gradient_start=&#8221;#2b87da&#8221; background_color_gradient_end=&#8221;#29c4a9&#8243; background_color_gradient_type=&#8221;linear&#8221; background_color_gradient_direction=&#8221;180deg&#8221; background_color_gradient_direction_radial=&#8221;center&#8221; background_color_gradient_start_position=&#8221;0%&#8221; background_color_gradient_end_position=&#8221;100%&#8221; background_color_gradient_overlays_image=&#8221;off&#8221; parallax=&#8221;off&#8221; parallax_method=&#8221;on&#8221; background_size=&#8221;cover&#8221; background_position=&#8221;center&#8221; background_repeat=&#8221;no-repeat&#8221; background_blend=&#8221;normal&#8221; allow_player_pause=&#8221;off&#8221; conditional_logic=&#8221;off&#8221; conditional_logic_relation=&#8221;off&#8221; conditional_logic_rules=&#8221;%91{%22field%22:%22email%22,%22condition%22:%22is%22,%22value%22:%22%22}%93&#8243; checkbox_checked=&#8221;off&#8221; checkbox_options=&#8221;%91{%22value%22:%22Nazwa%22,%22checked%22:0}%93&#8243; radio_options=&#8221;%91{%22value%22:%22Nazwa%22,%22checked%22:0}%93&#8243; select_options=&#8221;%91{%22value%22:%22Nazwa%22,%22checked%22:0}%93&#8243; min_length=&#8221;0&#8243; max_length=&#8221;0&#8243; allowed_symbols=&#8221;all&#8221; \/][et_pb_contact_field field_title=&#8221;Data urodzenia:&#8221; field_type=&#8221;input&#8221; field_id=&#8221;Data_urodzenia:&#8221; required_mark=&#8221;on&#8221; fullwidth_field=&#8221;on&#8221; _builder_version=&#8221;3.0.95&#8243; use_background_color_gradient=&#8221;off&#8221; background_color_gradient_start=&#8221;#2b87da&#8221; background_color_gradient_end=&#8221;#29c4a9&#8243; background_color_gradient_type=&#8221;linear&#8221; background_color_gradient_direction=&#8221;180deg&#8221; background_color_gradient_direction_radial=&#8221;center&#8221; background_color_gradient_start_position=&#8221;0%&#8221; background_color_gradient_end_position=&#8221;100%&#8221; background_color_gradient_overlays_image=&#8221;off&#8221; parallax=&#8221;off&#8221; parallax_method=&#8221;on&#8221; background_size=&#8221;cover&#8221; background_position=&#8221;center&#8221; background_repeat=&#8221;no-repeat&#8221; background_blend=&#8221;normal&#8221; allow_player_pause=&#8221;off&#8221; conditional_logic=&#8221;off&#8221; conditional_logic_relation=&#8221;off&#8221; conditional_logic_rules=&#8221;%91{%22field%22:%22email%22,%22condition%22:%22is%22,%22value%22:%22%22}%93&#8243; checkbox_checked=&#8221;off&#8221; checkbox_options=&#8221;%91{%22value%22:%22Nazwa%22,%22checked%22:0}%93&#8243; radio_options=&#8221;%91{%22value%22:%22Nazwa%22,%22checked%22:0}%93&#8243; select_options=&#8221;%91{%22value%22:%22Nazwa%22,%22checked%22:0}%93&#8243; min_length=&#8221;0&#8243; max_length=&#8221;0&#8243; allowed_symbols=&#8221;all&#8221; \/][et_pb_contact_field field_title=&#8221;E-Mail:&#8221; field_type=&#8221;input&#8221; field_id=&#8221;E-Mail:&#8221; required_mark=&#8221;on&#8221; fullwidth_field=&#8221;on&#8221; _builder_version=&#8221;3.0.95&#8243; use_background_color_gradient=&#8221;off&#8221; background_color_gradient_start=&#8221;#2b87da&#8221; background_color_gradient_end=&#8221;#29c4a9&#8243; background_color_gradient_type=&#8221;linear&#8221; background_color_gradient_direction=&#8221;180deg&#8221; background_color_gradient_direction_radial=&#8221;center&#8221; background_color_gradient_start_position=&#8221;0%&#8221; background_color_gradient_end_position=&#8221;100%&#8221; background_color_gradient_overlays_image=&#8221;off&#8221; parallax=&#8221;off&#8221; parallax_method=&#8221;on&#8221; background_size=&#8221;cover&#8221; background_position=&#8221;center&#8221; background_repeat=&#8221;no-repeat&#8221; background_blend=&#8221;normal&#8221; allow_player_pause=&#8221;off&#8221; conditional_logic=&#8221;off&#8221; conditional_logic_relation=&#8221;off&#8221; conditional_logic_rules=&#8221;%91{%22field%22:%22nazwisko%22,%22condition%22:%22is%22,%22value%22:%22%22}%93&#8243; checkbox_checked=&#8221;off&#8221; checkbox_options=&#8221;%91{%22value%22:%22Nazwa%22,%22checked%22:0}%93&#8243; radio_options=&#8221;%91{%22value%22:%22Nazwa%22,%22checked%22:0}%93&#8243; select_options=&#8221;%91{%22value%22:%22Nazwa%22,%22checked%22:0}%93&#8243; min_length=&#8221;0&#8243; max_length=&#8221;0&#8243; allowed_symbols=&#8221;all&#8221; \/][et_pb_contact_field field_title=&#8221;Rok uko\u0144czenia studi\u00f3w:&#8221; field_type=&#8221;input&#8221; field_id=&#8221;Rok_uko\u0144czenia_studi\u00f3w:&#8221; required_mark=&#8221;on&#8221; fullwidth_field=&#8221;on&#8221; _builder_version=&#8221;3.0.95&#8243; use_background_color_gradient=&#8221;off&#8221; background_color_gradient_start=&#8221;#2b87da&#8221; background_color_gradient_end=&#8221;#29c4a9&#8243; background_color_gradient_type=&#8221;linear&#8221; background_color_gradient_direction=&#8221;180deg&#8221; background_color_gradient_direction_radial=&#8221;center&#8221; background_color_gradient_start_position=&#8221;0%&#8221; background_color_gradient_end_position=&#8221;100%&#8221; background_color_gradient_overlays_image=&#8221;off&#8221; parallax=&#8221;off&#8221; parallax_method=&#8221;on&#8221; background_size=&#8221;cover&#8221; background_position=&#8221;center&#8221; background_repeat=&#8221;no-repeat&#8221; background_blend=&#8221;normal&#8221; allow_player_pause=&#8221;off&#8221; conditional_logic=&#8221;off&#8221; conditional_logic_relation=&#8221;off&#8221; conditional_logic_rules=&#8221;%91{%22field%22:%22nazwisko%22,%22condition%22:%22is%22,%22value%22:%22%22}%93&#8243; checkbox_checked=&#8221;off&#8221; checkbox_options=&#8221;%91{%22value%22:%22Nazwa%22,%22checked%22:0}%93&#8243; radio_options=&#8221;%91{%22value%22:%22Nazwa%22,%22checked%22:0}%93&#8243; select_options=&#8221;%91{%22value%22:%22Nazwa%22,%22checked%22:0}%93&#8243; min_length=&#8221;0&#8243; max_length=&#8221;0&#8243; allowed_symbols=&#8221;all&#8221; \/][et_pb_contact_field field_title=&#8221;Nazwa uczelni:&#8221; field_type=&#8221;input&#8221; field_id=&#8221;Nazwa_uczelni:&#8221; required_mark=&#8221;on&#8221; fullwidth_field=&#8221;on&#8221; _builder_version=&#8221;3.0.95&#8243; use_background_color_gradient=&#8221;off&#8221; background_color_gradient_start=&#8221;#2b87da&#8221; background_color_gradient_end=&#8221;#29c4a9&#8243; background_color_gradient_type=&#8221;linear&#8221; background_color_gradient_direction=&#8221;180deg&#8221; background_color_gradient_direction_radial=&#8221;center&#8221; background_color_gradient_start_position=&#8221;0%&#8221; background_color_gradient_end_position=&#8221;100%&#8221; background_color_gradient_overlays_image=&#8221;off&#8221; parallax=&#8221;off&#8221; parallax_method=&#8221;on&#8221; background_size=&#8221;cover&#8221; background_position=&#8221;center&#8221; background_repeat=&#8221;no-repeat&#8221; background_blend=&#8221;normal&#8221; allow_player_pause=&#8221;off&#8221; conditional_logic=&#8221;off&#8221; conditional_logic_relation=&#8221;off&#8221; conditional_logic_rules=&#8221;%91{%22field%22:%22nazwisko%22,%22condition%22:%22is%22,%22value%22:%22%22}%93&#8243; checkbox_checked=&#8221;off&#8221; checkbox_options=&#8221;%91{%22value%22:%22Nazwa%22,%22checked%22:0}%93&#8243; radio_options=&#8221;%91{%22value%22:%22Nazwa%22,%22checked%22:0}%93&#8243; select_options=&#8221;%91{%22value%22:%22Nazwa%22,%22checked%22:0}%93&#8243; min_length=&#8221;0&#8243; max_length=&#8221;0&#8243; allowed_symbols=&#8221;all&#8221; \/][et_pb_contact_field field_title=&#8221;Specjalizacja:&#8221; field_type=&#8221;input&#8221; field_id=&#8221;Specjalizacja:&#8221; required_mark=&#8221;on&#8221; fullwidth_field=&#8221;on&#8221; _builder_version=&#8221;3.0.95&#8243; use_background_color_gradient=&#8221;off&#8221; background_color_gradient_start=&#8221;#2b87da&#8221; background_color_gradient_end=&#8221;#29c4a9&#8243; background_color_gradient_type=&#8221;linear&#8221; background_color_gradient_direction=&#8221;180deg&#8221; background_color_gradient_direction_radial=&#8221;center&#8221; background_color_gradient_start_position=&#8221;0%&#8221; background_color_gradient_end_position=&#8221;100%&#8221; background_color_gradient_overlays_image=&#8221;off&#8221; parallax=&#8221;off&#8221; parallax_method=&#8221;on&#8221; background_size=&#8221;cover&#8221; background_position=&#8221;center&#8221; background_repeat=&#8221;no-repeat&#8221; background_blend=&#8221;normal&#8221; allow_player_pause=&#8221;off&#8221; conditional_logic=&#8221;off&#8221; conditional_logic_relation=&#8221;off&#8221; conditional_logic_rules=&#8221;%91{%22field%22:%22nazwisko%22,%22condition%22:%22is%22,%22value%22:%22%22}%93&#8243; checkbox_checked=&#8221;off&#8221; checkbox_options=&#8221;%91{%22value%22:%22Nazwa%22,%22checked%22:0}%93&#8243; radio_options=&#8221;%91{%22value%22:%22Nazwa%22,%22checked%22:0}%93&#8243; select_options=&#8221;%91{%22value%22:%22Nazwa%22,%22checked%22:0}%93&#8243; min_length=&#8221;0&#8243; max_length=&#8221;0&#8243; allowed_symbols=&#8221;all&#8221; \/][et_pb_contact_field field_title=&#8221;Specjalizacja:&#8221; field_type=&#8221;checkbox&#8221; field_id=&#8221;Specjalizacja:&#8221; required_mark=&#8221;on&#8221; fullwidth_field=&#8221;on&#8221; _builder_version=&#8221;3.0.95&#8243; use_background_color_gradient=&#8221;off&#8221; background_color_gradient_start=&#8221;#2b87da&#8221; background_color_gradient_end=&#8221;#29c4a9&#8243; background_color_gradient_type=&#8221;linear&#8221; background_color_gradient_direction=&#8221;180deg&#8221; background_color_gradient_direction_radial=&#8221;center&#8221; background_color_gradient_start_position=&#8221;0%&#8221; background_color_gradient_end_position=&#8221;100%&#8221; background_color_gradient_overlays_image=&#8221;off&#8221; parallax=&#8221;off&#8221; parallax_method=&#8221;on&#8221; background_size=&#8221;cover&#8221; background_position=&#8221;center&#8221; background_repeat=&#8221;no-repeat&#8221; background_blend=&#8221;normal&#8221; allow_player_pause=&#8221;off&#8221; conditional_logic=&#8221;off&#8221; conditional_logic_relation=&#8221;off&#8221; conditional_logic_rules=&#8221;%91{%22field%22:%22nazwisko%22,%22condition%22:%22is%22,%22value%22:%22%22}%93&#8243; checkbox_checked=&#8221;off&#8221; checkbox_options=&#8221;%91{%22value%22:%22Otwarcie%22,%22checked%22:0},{%22value%22:%22Kontynuacja%22,%22checked%22:0},{%22value%22:%22Lekarz Specjalista%22,%22checked%22:0}%93&#8243; radio_options=&#8221;%91{%22value%22:%22Nazwa%22,%22checked%22:0}%93&#8243; select_options=&#8221;%91{%22value%22:%22Nazwa%22,%22checked%22:0}%93&#8243; min_length=&#8221;0&#8243; max_length=&#8221;0&#8243; allowed_symbols=&#8221;all&#8221; form_field_text_color=&#8221;#ffffff&#8221; \/][et_pb_contact_field field_title=&#8221;Wiadomo\u015b\u0107&#8221; field_type=&#8221;text&#8221; field_id=&#8221;Wiadomo\u015b\u0107&#8221; required_mark=&#8221;on&#8221; fullwidth_field=&#8221;on&#8221; _builder_version=&#8221;3.0.95&#8243; use_background_color_gradient=&#8221;off&#8221; background_color_gradient_start=&#8221;#2b87da&#8221; background_color_gradient_end=&#8221;#29c4a9&#8243; background_color_gradient_type=&#8221;linear&#8221; background_color_gradient_direction=&#8221;180deg&#8221; background_color_gradient_direction_radial=&#8221;center&#8221; background_color_gradient_start_position=&#8221;0%&#8221; background_color_gradient_end_position=&#8221;100%&#8221; background_color_gradient_overlays_image=&#8221;off&#8221; parallax=&#8221;off&#8221; parallax_method=&#8221;on&#8221; background_size=&#8221;cover&#8221; background_position=&#8221;center&#8221; background_repeat=&#8221;no-repeat&#8221; background_blend=&#8221;normal&#8221; allow_player_pause=&#8221;off&#8221; conditional_logic=&#8221;off&#8221; conditional_logic_relation=&#8221;off&#8221; conditional_logic_rules=&#8221;%91{%22field%22:%22nazwisko%22,%22condition%22:%22is%22,%22value%22:%22%22}%93&#8243; checkbox_checked=&#8221;off&#8221; checkbox_options=&#8221;%91{%22value%22:%22Wiadomo\u015b\u0107%22,%22checked%22:0}%93&#8243; radio_options=&#8221;%91{%22value%22:%22Wiadomo\u015b\u0107%22,%22checked%22:0}%93&#8243; select_options=&#8221;%91{%22value%22:%22Wiadomo\u015b\u0107%22,%22checked%22:0}%93&#8243; min_length=&#8221;0&#8243; max_length=&#8221;0&#8243; allowed_symbols=&#8221;all&#8221; \/][et_pb_contact_field field_title=&#8221;Zgoda&#8221; field_type=&#8221;checkbox&#8221; field_id=&#8221;Zgoda&#8221; required_mark=&#8221;on&#8221; fullwidth_field=&#8221;on&#8221; _builder_version=&#8221;3.0.95&#8243; use_background_color_gradient=&#8221;off&#8221; background_color_gradient_start=&#8221;#2b87da&#8221; background_color_gradient_end=&#8221;#29c4a9&#8243; background_color_gradient_type=&#8221;linear&#8221; background_color_gradient_direction=&#8221;180deg&#8221; background_color_gradient_direction_radial=&#8221;center&#8221; background_color_gradient_start_position=&#8221;0%&#8221; background_color_gradient_end_position=&#8221;100%&#8221; background_color_gradient_overlays_image=&#8221;off&#8221; parallax=&#8221;off&#8221; parallax_method=&#8221;on&#8221; background_size=&#8221;cover&#8221; background_position=&#8221;center&#8221; background_repeat=&#8221;no-repeat&#8221; background_blend=&#8221;normal&#8221; allow_player_pause=&#8221;off&#8221; conditional_logic=&#8221;off&#8221; conditional_logic_relation=&#8221;off&#8221; conditional_logic_rules=&#8221;%91{%22field%22:%22nazwisko%22,%22condition%22:%22is%22,%22value%22:%22%22}%93&#8243; checkbox_checked=&#8221;off&#8221; checkbox_options=&#8221;%91{%22value%22:%22Hiermit erkl\u00e4re ich mich einverstanden, dass meine in das Kontaktformular eingegebenen Daten elektronisch gespeichert und zum Zweck der Kontaktaufnahme verarbeitet und genutzt werden. Mir ist bekannt, dass ich meine Einwilligung jederzeit widerrufen kann.%22,%22checked%22:1}%93&#8243; radio_options=&#8221;%91{%22value%22:%22Wiadomo\u015b\u0107%22,%22checked%22:0}%93&#8243; select_options=&#8221;%91{%22value%22:%22Wiadomo\u015b\u0107%22,%22checked%22:0}%93&#8243; min_length=&#8221;0&#8243; max_length=&#8221;0&#8243; allowed_symbols=&#8221;all&#8221; form_field_text_color=&#8221;#ffffff&#8221; \/][\/et_pb_contact_form][\/et_pb_column][\/et_pb_row][\/et_pb_section]<\/p>\n","protected":false},"excerpt":{"rendered":"<p>KONTAKT<\/p>\n","protected":false},"author":1,"featured_media":0,"parent":0,"menu_order":0,"comment_status":"closed","ping_status":"closed","template":"","meta":{"_et_pb_use_builder":"on","_et_pb_old_content":"","_et_gb_content_width":"","footnotes":""},"class_list":["post-41","page","type-page","status-publish","hentry"],"_links":{"self":[{"href":"https:\/\/promedicus.org\/index.php\/wp-json\/wp\/v2\/pages\/41","targetHints":{"allow":["GET"]}}],"collection":[{"href":"https:\/\/promedicus.org\/index.php\/wp-json\/wp\/v2\/pages"}],"about":[{"href":"https:\/\/promedicus.org\/index.php\/wp-json\/wp\/v2\/types\/page"}],"author":[{"embeddable":true,"href":"https:\/\/promedicus.org\/index.php\/wp-json\/wp\/v2\/users\/1"}],"replies":[{"embeddable":true,"href":"https:\/\/promedicus.org\/index.php\/wp-json\/wp\/v2\/comments?post=41"}],"version-history":[{"count":1,"href":"https:\/\/promedicus.org\/index.php\/wp-json\/wp\/v2\/pages\/41\/revisions"}],"predecessor-version":[{"id":124,"href":"https:\/\/promedicus.org\/index.php\/wp-json\/wp\/v2\/pages\/41\/revisions\/124"}],"wp:attachment":[{"href":"https:\/\/promedicus.org\/index.php\/wp-json\/wp\/v2\/media?parent=41"}],"curies":[{"name":"wp","href":"https:\/\/api.w.org\/{rel}","templated":true}]}}