{"id":42,"date":"2018-01-15T13:00:05","date_gmt":"2018-01-15T12:00:05","guid":{"rendered":"http:\/\/promedicus.org\/index.php\/wymogi-jezykowe\/"},"modified":"2019-10-01T12:32:51","modified_gmt":"2019-10-01T10:32:51","slug":"wymogi-jezykowe","status":"publish","type":"page","link":"https:\/\/promedicus.org\/index.php\/wymogi-jezykowe\/","title":{"rendered":"WYMOGI J\u0118ZYKOWE"},"content":{"rendered":"<p>[et_pb_section fb_built=&#8221;1&#8243; fullwidth=&#8221;on&#8221; _builder_version=&#8221;3.4.1&#8243; global_module=&#8221;177&#8243;][et_pb_fullwidth_slider _builder_version=&#8221;3.4.1&#8243; auto=&#8221;on&#8221; auto_speed=&#8221;4500&#8243;][et_pb_slide heading=&#8221;www.Pro-medicus.org &#8221; use_bg_overlay=&#8221;on&#8221; bg_overlay_color=&#8221;rgba(0,0,0,0.48)&#8221; use_text_overlay=&#8221;off&#8221; arrows_custom_color=&#8221;#0c71c3&#8243; dot_nav_custom_color=&#8221;#0c71c3&#8243; _builder_version=&#8221;3.4.1&#8243; header_font=&#8221;Comfortaa||||||||&#8221; header_text_align=&#8221;center&#8221; header_font_size=&#8221;40&#8243; header_font_size_tablet=&#8221;40&#8243; header_font_size_phone=&#8221;40&#8243; body_font=&#8221;Comfortaa||||||||&#8221; body_text_align=&#8221;center&#8221; body_text_color=&#8221;#ffffff&#8221; body_font_size_tablet=&#8221;14&#8243; body_font_size_phone=&#8221;14&#8243; background_image=&#8221;http:\/\/promedicus.org\/wp-content\/uploads\/2018\/01\/computer-1149148_1920.jpg&#8221; button_on_hover=&#8221;on&#8221; custom_css_before=&#8221;height:400px;&#8221; custom_css_main_element=&#8221;height:400px;&#8221; custom_css_after=&#8221;height:400px;&#8221;]<\/p>\n<p style=\"text-align: center;\"><strong>dzialamy od 2001 roku.<\/strong><\/p>\n<p>[\/et_pb_slide][et_pb_slide heading=&#8221;www.Pro-medicus.org &#8221; use_bg_overlay=&#8221;on&#8221; bg_overlay_color=&#8221;rgba(0,0,0,0.48)&#8221; use_text_overlay=&#8221;off&#8221; arrows_custom_color=&#8221;#0c71c3&#8243; dot_nav_custom_color=&#8221;#0c71c3&#8243; _builder_version=&#8221;3.4.1&#8243; header_font=&#8221;Comfortaa||||||||&#8221; header_text_align=&#8221;center&#8221; header_font_size=&#8221;40&#8243; header_font_size_tablet=&#8221;40&#8243; header_font_size_phone=&#8221;40&#8243; body_font=&#8221;Comfortaa||||||||&#8221; body_text_align=&#8221;center&#8221; body_text_color=&#8221;#ffffff&#8221; body_font_size_tablet=&#8221;14&#8243; body_font_size_phone=&#8221;14&#8243; background_image=&#8221;http:\/\/promedicus.org\/wp-content\/uploads\/2018\/01\/doctor-1149149_1920.jpg&#8221; background_position=&#8221;top_center&#8221; button_on_hover=&#8221;on&#8221; custom_css_before=&#8221;height:400px;&#8221; custom_css_main_element=&#8221;height:400px;&#8221; custom_css_after=&#8221;height:400px;&#8221;]<\/p>\n<p style=\"text-align: center;\"><strong>dzialamy od 2001 roku.<\/strong><\/p>\n<p>[\/et_pb_slide][et_pb_slide heading=&#8221;www.Pro-medicus.org &#8221; use_bg_overlay=&#8221;on&#8221; bg_overlay_color=&#8221;rgba(0,0,0,0.48)&#8221; use_text_overlay=&#8221;off&#8221; arrows_custom_color=&#8221;#0c71c3&#8243; dot_nav_custom_color=&#8221;#0c71c3&#8243; _builder_version=&#8221;3.4.1&#8243; header_font=&#8221;Comfortaa||||||||&#8221; header_text_align=&#8221;center&#8221; header_font_size=&#8221;40&#8243; header_font_size_tablet=&#8221;40&#8243; header_font_size_phone=&#8221;40&#8243; body_font=&#8221;Comfortaa||||||||&#8221; body_text_align=&#8221;center&#8221; body_text_color=&#8221;#ffffff&#8221; body_font_size_tablet=&#8221;14&#8243; body_font_size_phone=&#8221;14&#8243; background_image=&#8221;http:\/\/promedicus.org\/wp-content\/uploads\/2018\/01\/medical-563427_1920.jpg&#8221; button_on_hover=&#8221;on&#8221; custom_css_before=&#8221;height:400px;&#8221; custom_css_main_element=&#8221;height:400px;&#8221; custom_css_after=&#8221;height:400px;&#8221;]<\/p>\n<p style=\"text-align: center;\"><strong>dzialamy od 2001 roku.<\/strong><\/p>\n<p>[\/et_pb_slide][\/et_pb_fullwidth_slider][\/et_pb_section][et_pb_section fb_built=&#8221;1&#8243; _builder_version=&#8221;3.0.47&#8243;][et_pb_row _builder_version=&#8221;3.0.47&#8243; background_size=&#8221;initial&#8221; background_position=&#8221;top_left&#8221; background_repeat=&#8221;repeat&#8221;][et_pb_column type=&#8221;4_4&#8243; _builder_version=&#8221;3.0.47&#8243; parallax=&#8221;off&#8221; parallax_method=&#8221;on&#8221;][et_pb_text _builder_version=&#8221;3.0.95&#8243;]<\/p>\n<h3 style=\"text-align: center;\"><span class=\"diyfeDecoration\">WYMOGI J\u0118ZYKOWE<\/span><\/h3>\n<p>[\/et_pb_text][\/et_pb_column][\/et_pb_row][et_pb_row _builder_version=&#8221;3.0.47&#8243; background_size=&#8221;initial&#8221; background_position=&#8221;top_left&#8221; background_repeat=&#8221;repeat&#8221;][et_pb_column type=&#8221;1_2&#8243; _builder_version=&#8221;3.0.47&#8243; parallax=&#8221;off&#8221; parallax_method=&#8221;on&#8221;][et_pb_text _builder_version=&#8221;3.0.95&#8243;]Obecnie najwa\u017cniejsz\u0105 spraw\u0105, na kt\u00f3r\u0105 zwracaj\u0105 uwag\u0119 kliniki, s\u0105 umiej\u0119tnosci j\u0119zykowe. Najlepiej, gdy te umiej\u0119tno\u015bci s\u0105 potwierdzone certyfikatem j\u0119zykowym B2 lub C1, wydanym przez Goethe Institut, \u00d6sterreichisches Institut lub TELC.<\/p>\n<p>Jednak mo\u017cna nawi\u0105za\u0107 z nami mi\u0142\u0105 wsp\u00f3\u0142prac\u0119 wcze\u015bniej, a nast\u0119pnie udoskonali\u0107 poziom znajomo\u015bci j\u0119zykowych i zdoby\u0107 konieczny certyfikat.<br \/>\n[\/et_pb_text][\/et_pb_column][et_pb_column type=&#8221;1_2&#8243; _builder_version=&#8221;3.0.47&#8243; parallax=&#8221;off&#8221; parallax_method=&#8221;on&#8221;][et_pb_image src=&#8221;http:\/\/promedicus.org\/wp-content\/uploads\/2018\/01\/doctor-1149149_1920.jpg&#8221; align=&#8221;center&#8221; _builder_version=&#8221;3.0.95&#8243; box_shadow_style=&#8221;preset1&#8243;][\/et_pb_image][\/et_pb_column][\/et_pb_row][\/et_pb_section][et_pb_section fb_built=&#8221;1&#8243; fullwidth=&#8221;on&#8221; _builder_version=&#8221;3.0.95&#8243; global_module=&#8221;103&#8243;][et_pb_fullwidth_header _builder_version=&#8221;3.2&#8243; background_color=&#8221;rgba(255, 255, 255, 0)&#8221; background_image=&#8221;http:\/\/promedicus.org\/wp-content\/uploads\/2018\/01\/dentist-3069416_1920.jpg&#8221; parallax=&#8221;on&#8221; background_layout=&#8221;light&#8221; custom_css_before=&#8221;height:200px;&#8221; custom_css_main_element=&#8221;height:200px;&#8221; custom_css_after=&#8221;height:200px;&#8221;][\/et_pb_fullwidth_header][\/et_pb_section][et_pb_section fb_built=&#8221;1&#8243; _builder_version=&#8221;3.0.95&#8243; background_color=&#8221;#034ea2&#8243; global_module=&#8221;104&#8243;][et_pb_row _builder_version=&#8221;3.0.47&#8243; background_size=&#8221;initial&#8221; background_position=&#8221;top_left&#8221; background_repeat=&#8221;repeat&#8221;][et_pb_column type=&#8221;4_4&#8243; _builder_version=&#8221;3.0.47&#8243; parallax=&#8221;off&#8221; parallax_method=&#8221;on&#8221;][et_pb_text _builder_version=&#8221;3.0.95&#8243; background_layout=&#8221;dark&#8221;]<\/p>\n<h2 style=\"text-align: center;\"><strong>KONTAKT<\/strong><\/h2>\n<p>[\/et_pb_text][\/et_pb_column][\/et_pb_row][et_pb_row _builder_version=&#8221;3.0.47&#8243; background_size=&#8221;initial&#8221; background_position=&#8221;top_left&#8221; background_repeat=&#8221;repeat&#8221;][et_pb_column type=&#8221;1_2&#8243; _builder_version=&#8221;3.0.47&#8243; parallax=&#8221;off&#8221; parallax_method=&#8221;on&#8221;][et_pb_blurb title=&#8221;+48 602 813 298&#8243; use_icon=&#8221;on&#8221; font_icon=&#8221;%%264%%&#8221; icon_color=&#8221;#ffffff&#8221; use_icon_font_size=&#8221;on&#8221; icon_font_size=&#8221;65px&#8221; _builder_version=&#8221;3.0.95&#8243; header_level=&#8221;h2&#8243; text_orientation=&#8221;center&#8221; background_layout=&#8221;dark&#8221;][\/et_pb_blurb][\/et_pb_column][et_pb_column type=&#8221;1_2&#8243; _builder_version=&#8221;3.0.47&#8243; parallax=&#8221;off&#8221; parallax_method=&#8221;on&#8221;][et_pb_blurb title=&#8221;info@promedicus.org&#8221; use_icon=&#8221;on&#8221; font_icon=&#8221;%%238%%&#8221; icon_color=&#8221;#ffffff&#8221; use_icon_font_size=&#8221;on&#8221; icon_font_size=&#8221;65px&#8221; _builder_version=&#8221;3.0.95&#8243; header_level=&#8221;h2&#8243; text_orientation=&#8221;center&#8221; background_layout=&#8221;dark&#8221;][\/et_pb_blurb][\/et_pb_column][\/et_pb_row][\/et_pb_section]<\/p>\n","protected":false},"excerpt":{"rendered":"<p>dzialamy od 2001 roku.dzialamy od 2001 roku.dzialamy od 2001 roku.WYMOGI J\u0118ZYKOWE Obecnie najwa\u017cniejsz\u0105 spraw\u0105, na kt\u00f3r\u0105 zwracaj\u0105 uwag\u0119 kliniki, s\u0105 umiej\u0119tnosci j\u0119zykowe. Najlepiej, gdy te umiej\u0119tno\u015bci s\u0105 potwierdzone certyfikatem j\u0119zykowym B2 lub C1, wydanym przez Goethe Institut, \u00d6sterreichisches Institut lub TELC. Jednak mo\u017cna nawi\u0105za\u0107 z nami mi\u0142\u0105 wsp\u00f3\u0142prac\u0119 wcze\u015bniej, a nast\u0119pnie udoskonali\u0107 poziom znajomo\u015bci j\u0119zykowych [&hellip;]<\/p>\n","protected":false},"author":1,"featured_media":0,"parent":0,"menu_order":0,"comment_status":"closed","ping_status":"closed","template":"","meta":{"_et_pb_use_builder":"on","_et_pb_old_content":"","_et_gb_content_width":"","footnotes":""},"class_list":["post-42","page","type-page","status-publish","hentry"],"_links":{"self":[{"href":"https:\/\/promedicus.org\/index.php\/wp-json\/wp\/v2\/pages\/42","targetHints":{"allow":["GET"]}}],"collection":[{"href":"https:\/\/promedicus.org\/index.php\/wp-json\/wp\/v2\/pages"}],"about":[{"href":"https:\/\/promedicus.org\/index.php\/wp-json\/wp\/v2\/types\/page"}],"author":[{"embeddable":true,"href":"https:\/\/promedicus.org\/index.php\/wp-json\/wp\/v2\/users\/1"}],"replies":[{"embeddable":true,"href":"https:\/\/promedicus.org\/index.php\/wp-json\/wp\/v2\/comments?post=42"}],"version-history":[{"count":3,"href":"https:\/\/promedicus.org\/index.php\/wp-json\/wp\/v2\/pages\/42\/revisions"}],"predecessor-version":[{"id":185,"href":"https:\/\/promedicus.org\/index.php\/wp-json\/wp\/v2\/pages\/42\/revisions\/185"}],"wp:attachment":[{"href":"https:\/\/promedicus.org\/index.php\/wp-json\/wp\/v2\/media?parent=42"}],"curies":[{"name":"wp","href":"https:\/\/api.w.org\/{rel}","templated":true}]}}